{"id":311,"date":"2023-03-28T09:46:20","date_gmt":"2023-03-28T09:46:20","guid":{"rendered":"https:\/\/vacapital.ca\/recent-deals\/"},"modified":"2023-12-11T16:35:20","modified_gmt":"2023-12-11T16:35:20","slug":"prets-finances","status":"publish","type":"page","link":"https:\/\/vacapital.ca\/fr\/services\/prets-finances\/","title":{"rendered":"Pr\u00eats financ\u00e9s"},"content":{"rendered":"\n<div class=\"hero\" style=\"background-image: url('https:\/\/vacapital.ca\/wp-content\/uploads\/2023\/03\/unsplash_ml7xu1QV7zM.jpg')\">\n   <div class=\"container\">\n                  <h1 class=\"hero_title text-center text-white text-uppercase\">Pr\u00eats financ\u00e9s<\/h1>\n          <\/div>\n<\/div>\n\n\n<div class=\"deals_posts_wrapper\">\n    <div class=\"container\">\n        <div class=\"deals_posts row\">\n                                <div class=\"deals_posts_item col-lg-4\">\n                        <div class=\"deals_posts_item_img\" style=\"background-image: url('https:\/\/vacapital.ca\/wp-content\/uploads\/2023\/08\/VA-Capital-Senior-Housing-Loan-76800000.png.jpg');\"><\/div>\n                        <!-- <img loading=\"lazy\" decoding=\"async\" width=\"430\" height=\"323\" src=\"https:\/\/vacapital.ca\/wp-content\/uploads\/2023\/08\/VA-Capital-Senior-Housing-Loan-76800000.png-430x323.jpg\" class=\"attachment-deal_slider size-deal_slider\" alt=\"\" \/> -->\n                        <div class=\"deals_posts_item_content bg-white\">\n                                                                    <p class=\"deals_posts_item_title text-center text-uppercase fw-semibold ff-sw\">Pr\u00eat pour logements de personnes \u00e2g\u00e9es<\/p>\n                                                                <p class=\"deals_posts_item_price text-center\">76 800 000 $<\/p>\n                            <p class=\"deals_posts_item_region text-center\">R\u00e9gion Mont\u00e9r\u00e9gie |\n                                                                    <span class=\"deal_posts_item_description\">\n                                        Maison de retraite<\/span>\n                                    <\/span>\n                                                                    <\/p>\n                        <\/div>\n                    <\/div>\n                                        <div class=\"deals_posts_item col-lg-4\">\n                        <div class=\"deals_posts_item_img\" style=\"background-image: url('https:\/\/vacapital.ca\/wp-content\/uploads\/2023\/08\/VA-Capital-Life-Science-Loan-60000000.jpg');\"><\/div>\n                        <!-- <img loading=\"lazy\" decoding=\"async\" width=\"430\" height=\"323\" src=\"https:\/\/vacapital.ca\/wp-content\/uploads\/2023\/08\/VA-Capital-Life-Science-Loan-60000000-430x323.jpg\" class=\"attachment-deal_slider size-deal_slider\" alt=\"\" \/> -->\n                        <div class=\"deals_posts_item_content bg-white\">\n                                                                    <p class=\"deals_posts_item_title text-center text-uppercase fw-semibold ff-sw\">Pr\u00eat pour b\u00e2timent de les sciences de la vie<\/p>\n                                                                <p class=\"deals_posts_item_price text-center\">60 000 000 $<\/p>\n                            <p class=\"deals_posts_item_region text-center\">Montr\u00e9al |\n                                                                    <span class=\"deal_posts_item_description\">\n                                        Sciences de la vie<\/span>\n                                    <\/span>\n                                                                    <\/p>\n                        <\/div>\n                    <\/div>\n                                        <div class=\"deals_posts_item col-lg-4\">\n                        <div class=\"deals_posts_item_img\" style=\"background-image: url('https:\/\/vacapital.ca\/wp-content\/uploads\/2023\/08\/VA-Capital-Land-Loan-17500000.png');\"><\/div>\n                        <!-- <img loading=\"lazy\" decoding=\"async\" width=\"430\" height=\"323\" src=\"https:\/\/vacapital.ca\/wp-content\/uploads\/2023\/08\/VA-Capital-Land-Loan-17500000-430x323.png\" class=\"attachment-deal_slider size-deal_slider\" alt=\"\" \/> -->\n                        <div class=\"deals_posts_item_content bg-white\">\n                                                                    <p class=\"deals_posts_item_title text-center text-uppercase fw-semibold ff-sw\">Pr\u00eat de terrain<\/p>\n                                                                <p class=\"deals_posts_item_price text-center\">17 500 000 $<\/p>\n                            <p class=\"deals_posts_item_region text-center\">Saint-Eustache |\n                                                                    <span class=\"deal_posts_item_description\">\n                                        Terrain<\/span>\n                                    <\/span>\n                                                                    <\/p>\n                        <\/div>\n                    <\/div>\n                                        <div class=\"deals_posts_item col-lg-4\">\n                        <div class=\"deals_posts_item_img\" style=\"background-image: url('https:\/\/vacapital.ca\/wp-content\/uploads\/2023\/08\/VA-Capital-Multi-Family-Loan-32000000.png.jpg');\"><\/div>\n                        <!-- <img loading=\"lazy\" decoding=\"async\" width=\"430\" height=\"323\" src=\"https:\/\/vacapital.ca\/wp-content\/uploads\/2023\/08\/VA-Capital-Multi-Family-Loan-32000000.png-430x323.jpg\" class=\"attachment-deal_slider size-deal_slider\" alt=\"\" \/> -->\n                        <div class=\"deals_posts_item_content bg-white\">\n                                                                    <p class=\"deals_posts_item_title text-center text-uppercase fw-semibold ff-sw\">Pr\u00eat multifamilial<\/p>\n                                                                <p class=\"deals_posts_item_price text-center\">32 000 000 $<\/p>\n                            <p class=\"deals_posts_item_region text-center\">LaSalle |\n                                                                    <span class=\"deal_posts_item_description\">\n                                        Unit\u00e9s multifamiliales<\/span>\n                                    <\/span>\n                                                                    <\/p>\n                        <\/div>\n                    <\/div>\n                                        <div class=\"deals_posts_item col-lg-4\">\n                        <div class=\"deals_posts_item_img\" style=\"background-image: url('https:\/\/vacapital.ca\/wp-content\/uploads\/2023\/08\/VA-Capital-Industrial-Loan-20500000.png');\"><\/div>\n                        <!-- <img loading=\"lazy\" decoding=\"async\" width=\"430\" height=\"323\" src=\"https:\/\/vacapital.ca\/wp-content\/uploads\/2023\/08\/VA-Capital-Industrial-Loan-20500000-430x323.png\" class=\"attachment-deal_slider size-deal_slider\" alt=\"\" \/> -->\n                        <div class=\"deals_posts_item_content bg-white\">\n                                                                    <p class=\"deals_posts_item_title text-center text-uppercase fw-semibold ff-sw\">Pr\u00eat industriel<\/p>\n                                                                <p class=\"deals_posts_item_price text-center\">20 500 000 $<\/p>\n                            <p class=\"deals_posts_item_region text-center\">Montr\u00e9al Est |\n                                                                    <span class=\"deal_posts_item_description\">\n                                        B\u00e2timent industriel<\/span>\n                                    <\/span>\n                                                                    <\/p>\n                        <\/div>\n                    <\/div>\n                                        <div class=\"deals_posts_item col-lg-4\">\n                        <div class=\"deals_posts_item_img\" style=\"background-image: url('https:\/\/vacapital.ca\/wp-content\/uploads\/2023\/08\/VA-Capital-Office-Loan-33000000.png');\"><\/div>\n                        <!-- <img loading=\"lazy\" decoding=\"async\" width=\"430\" height=\"323\" src=\"https:\/\/vacapital.ca\/wp-content\/uploads\/2023\/08\/VA-Capital-Office-Loan-33000000-430x323.png\" class=\"attachment-deal_slider size-deal_slider\" alt=\"\" \/> -->\n                        <div class=\"deals_posts_item_content bg-white\">\n                                                                    <p class=\"deals_posts_item_title text-center text-uppercase fw-semibold ff-sw\">Pr\u00eat pour bureaux<\/p>\n                                                                <p class=\"deals_posts_item_price text-center\">33 000 000 $<\/p>\n                            <p class=\"deals_posts_item_region text-center\">Montr\u00e9al |\n                                                                    <span class=\"deal_posts_item_description\">\n                                        B\u00e2timent commercial<\/span>\n                                    <\/span>\n                                                                    <\/p>\n                        <\/div>\n                    <\/div>\n                                        <div class=\"deals_posts_item col-lg-4\">\n                        <div class=\"deals_posts_item_img\" style=\"background-image: url('https:\/\/vacapital.ca\/wp-content\/uploads\/2023\/08\/VA-Capital-Retail-Loan-20000000-Option-1.png');\"><\/div>\n                        <!-- <img loading=\"lazy\" decoding=\"async\" width=\"430\" height=\"323\" src=\"https:\/\/vacapital.ca\/wp-content\/uploads\/2023\/08\/VA-Capital-Retail-Loan-20000000-Option-1-430x323.png\" class=\"attachment-deal_slider size-deal_slider\" alt=\"\" \/> -->\n                        <div class=\"deals_posts_item_content bg-white\">\n                                                                    <p class=\"deals_posts_item_title text-center text-uppercase fw-semibold ff-sw\">Pr\u00eat au commerce de d\u00e9tail<\/p>\n                                                                <p class=\"deals_posts_item_price text-center\">20 000 000 $<\/p>\n                            <p class=\"deals_posts_item_region text-center\">C\u00f4te Saint-Luc |\n                                                                    <span class=\"deal_posts_item_description\">\n                                        B\u00e2timent commercial<\/span>\n                                    <\/span>\n                                                                    <\/p>\n                        <\/div>\n                    <\/div>\n                                    <div class=\"deals_posts_pagination text-center\">\n                                    <\/div>\n                        <\/div>\n    <\/div>\n<\/div>\n","protected":false},"excerpt":{"rendered":"","protected":false},"author":3,"featured_media":0,"parent":1199,"menu_order":0,"comment_status":"closed","ping_status":"closed","template":"","meta":{"_acf_changed":false,"inline_featured_image":false,"footnotes":""},"class_list":["post-311","page","type-page","status-publish","hentry"],"acf":[],"_links":{"self":[{"href":"https:\/\/vacapital.ca\/fr\/wp-json\/wp\/v2\/pages\/311","targetHints":{"allow":["GET"]}}],"collection":[{"href":"https:\/\/vacapital.ca\/fr\/wp-json\/wp\/v2\/pages"}],"about":[{"href":"https:\/\/vacapital.ca\/fr\/wp-json\/wp\/v2\/types\/page"}],"author":[{"embeddable":true,"href":"https:\/\/vacapital.ca\/fr\/wp-json\/wp\/v2\/users\/3"}],"replies":[{"embeddable":true,"href":"https:\/\/vacapital.ca\/fr\/wp-json\/wp\/v2\/comments?post=311"}],"version-history":[{"count":7,"href":"https:\/\/vacapital.ca\/fr\/wp-json\/wp\/v2\/pages\/311\/revisions"}],"predecessor-version":[{"id":1198,"href":"https:\/\/vacapital.ca\/fr\/wp-json\/wp\/v2\/pages\/311\/revisions\/1198"}],"up":[{"embeddable":true,"href":"https:\/\/vacapital.ca\/fr\/wp-json\/wp\/v2\/pages\/1199"}],"wp:attachment":[{"href":"https:\/\/vacapital.ca\/fr\/wp-json\/wp\/v2\/media?parent=311"}],"curies":[{"name":"wp","href":"https:\/\/api.w.org\/{rel}","templated":true}]}}