{"id":1016,"date":"2023-04-06T15:51:53","date_gmt":"2023-04-06T15:51:53","guid":{"rendered":"https:\/\/vacapital.ca\/careers\/"},"modified":"2023-12-11T16:34:50","modified_gmt":"2023-12-11T16:34:50","slug":"carrieres","status":"publish","type":"page","link":"https:\/\/vacapital.ca\/fr\/carrieres\/","title":{"rendered":"Carri\u00e8res"},"content":{"rendered":"\n<div class=\"hero\" style=\"background-image: url('https:\/\/vacapital.ca\/wp-content\/uploads\/2023\/03\/unsplash_0LAJfSNa-xQ-1.jpg')\">\n   <div class=\"container\">\n                  <h1 class=\"hero_title text-center text-white text-uppercase\">CARRI\u00c8RES<\/h1>\n          <\/div>\n<\/div>\n\n\n<div class=\"careers\">\n  <div class=\"container\">\n    <div class=\"careers_text_content text-center\">\n              <div class=\"careers_text\"><h2 class=\"h3\" style=\"font-size: 26px; line-height: 41px; margin-bottom: 30px;\">VA Capital est plus qu&rsquo;une simple entreprise de pr\u00eats hypoth\u00e9caires commerciaux &#8211; nous sommes un groupe d&rsquo;individus talentueux qui cherchent \u00e0 s&rsquo;\u00e9lever les uns les autres dans leur parcours professionnel.<\/h2>\n<p class=\"ff-sw\" style=\"font-size: 18px; line-height: 32px; color: rgba(35, 31, 32, 0.75);\">Pour rejoindre notre \u00e9quipe, veuillez envoyer votre lettre de motivation et votre CV \u00e0\u00a0<b><a style=\"color: #0f411e;\" href=\"mailto:info@vacapital.ca\">info@vacapital.ca<\/a><\/b>.<\/p>\n<\/div> \n          <\/div>\n    \n        <div class=\"careers_content row justify-content-center\">\n      <div class=\"careers_content_list col-md-7\">\n                  <h3 class=\"careers_subtitle ff-sw\">OFFRES D&rsquo;EMPLOI DISPONIBLES :<\/h3>\n                          <div class=\"career_content\">\n            <h3 class=\"career_title\">Analyste immobilier commercial<\/h3>\n            <div class=\"career_desc ff-sw\">\n              <p>Rejoignez notre \u00e9quipe en tant qu&rsquo;analyste en immobilier commercial et utilisez vos comp\u00e9tences analytiques pour \u00e9valuer la valeur des biens immobiliers, les tendances du march\u00e9 et les potentiels d&rsquo;investissement.<\/p>\n            <\/div>\n          <\/div>\n                  <div class=\"career_content\">\n            <h3 class=\"career_title\">Comptable<\/h3>\n            <div class=\"career_desc ff-sw\">\n              <p>Nous recherchons un comptable pour g\u00e9rer nos comptes financiers, assurer la conformit\u00e9 r\u00e9glementaire et contribuer \u00e0 notre planification financi\u00e8re strat\u00e9gique.<\/p>\n            <\/div>\n          <\/div>\n                  <div class=\"career_content\">\n            <h3 class=\"career_title\">Gestionnaire de bureau<\/h3>\n            <div class=\"career_desc ff-sw\">\n              <p>Rejoignez-nous en tant que gestionnaire de bureau, o\u00f9 vous jouerez un r\u00f4le crucial en assurant le bon fonctionnement quotidien de notre bureau, en g\u00e9rant les t\u00e2ches administratives et en contribuant \u00e0 l&rsquo;am\u00e9lioration des proc\u00e9dures de l&rsquo;entreprise.<\/p>\n            <\/div>\n          <\/div>\n                  <div class=\"career_content\">\n            <h3 class=\"career_title\">Professionnel du marketing<\/h3>\n            <div class=\"career_desc ff-sw\">\n              <p>Nous sommes \u00e0 la recherche d&rsquo;un professionnel du marketing dynamique capable de mener nos initiatives de marketing, d&rsquo;am\u00e9liorer la visibilit\u00e9 de notre marque et de stimuler la croissance de l&rsquo;entreprise.<\/p>\n            <\/div>\n          <\/div>\n              <\/div>\n\n      <!-- <div class=\"careers_content_apply col-md-4 col-lg-3 p-0\">\n        <div class=\"careers_apply bg-white text-center\">\n                      <p class=\"careers_apply_text ff-sw\">Thinking of joining VA-Capital?<\/p>\n                                <h5 class=\"careers_apply_title\">Apply Now!<\/h5>\n                                <a href=\"mailto:info@vacapital.com\" class=\"careers_apply_email\">info@vacapital.com<\/a>\n                  <\/div>\n      <\/div> -->\n    <\/div>\n      <\/div>\n<\/div>","protected":false},"excerpt":{"rendered":"","protected":false},"author":3,"featured_media":0,"parent":0,"menu_order":0,"comment_status":"closed","ping_status":"closed","template":"","meta":{"_acf_changed":false,"inline_featured_image":false,"footnotes":""},"class_list":["post-1016","page","type-page","status-publish","hentry"],"acf":[],"_links":{"self":[{"href":"https:\/\/vacapital.ca\/fr\/wp-json\/wp\/v2\/pages\/1016","targetHints":{"allow":["GET"]}}],"collection":[{"href":"https:\/\/vacapital.ca\/fr\/wp-json\/wp\/v2\/pages"}],"about":[{"href":"https:\/\/vacapital.ca\/fr\/wp-json\/wp\/v2\/types\/page"}],"author":[{"embeddable":true,"href":"https:\/\/vacapital.ca\/fr\/wp-json\/wp\/v2\/users\/3"}],"replies":[{"embeddable":true,"href":"https:\/\/vacapital.ca\/fr\/wp-json\/wp\/v2\/comments?post=1016"}],"version-history":[{"count":12,"href":"https:\/\/vacapital.ca\/fr\/wp-json\/wp\/v2\/pages\/1016\/revisions"}],"predecessor-version":[{"id":1084,"href":"https:\/\/vacapital.ca\/fr\/wp-json\/wp\/v2\/pages\/1016\/revisions\/1084"}],"wp:attachment":[{"href":"https:\/\/vacapital.ca\/fr\/wp-json\/wp\/v2\/media?parent=1016"}],"curies":[{"name":"wp","href":"https:\/\/api.w.org\/{rel}","templated":true}]}}