{"id":1014,"date":"2023-04-06T15:51:31","date_gmt":"2023-04-06T15:51:31","guid":{"rendered":"https:\/\/vacapital.ca\/about\/"},"modified":"2023-12-11T16:34:58","modified_gmt":"2023-12-11T16:34:58","slug":"a-propos","status":"publish","type":"page","link":"https:\/\/vacapital.ca\/fr\/a-propos\/","title":{"rendered":"\u00c0 propos"},"content":{"rendered":"\n<div class=\"hero\" style=\"background-image: url('https:\/\/vacapital.ca\/wp-content\/uploads\/2023\/03\/unsplash_0LAJfSNa-xQ-1.jpg')\">\n   <div class=\"container\">\n                  <h1 class=\"hero_title text-center text-white text-uppercase\">\u00c0 PROPOS DE VA CAPITAL<\/h1>\n          <\/div>\n<\/div>\n\n<div class=\"about_info_wrapper\">\n  <div class=\"about_info\">\n    <div class=\"container\">\n      <div class=\"about_info_cols\">\n        <div class=\"about_info_col\">\n          <h2 class=\"about_info_title\"><p>VA Capital a \u00e9t\u00e9 fond\u00e9e en 2019 par Jeffrey Soliman, un v\u00e9t\u00e9ran de l&rsquo;immobilier commercial qui a accumul\u00e9 une exp\u00e9rience de plusieurs milliards de dollars.<\/p>\n<\/h2>\n        <\/div>\n        <div class=\"about_info_col\">\n          <div class=\"about_info_content ff-sw\"><p>Notre \u00e9quipe passionn\u00e9e qui dirige les op\u00e9rations est compos\u00e9e d&rsquo;une combinaison de responsables de pr\u00eats commerciaux institutionnels, de souscripteurs exp\u00e9riment\u00e9s et de bailleurs de fonds d\u00e9vou\u00e9s. Avec 85 ans d&rsquo;exp\u00e9rience dans le secteur et plus de 20 milliards de dollars de pr\u00eats r\u00e9alis\u00e9s, l&rsquo;\u00e9quipe VA apporte un niveau d&rsquo;ex\u00e9cution in\u00e9gal\u00e9.<\/p>\n<p>Notre fiert\u00e9 r\u00e9side dans nos relations durables avec la communaut\u00e9 des pr\u00eateurs ainsi que dans notre connaissance approfondie du march\u00e9. Nous nous sp\u00e9cialisons dans les pr\u00eats assur\u00e9s par la SCHL, les pr\u00eats \u00e0 la construction et les pr\u00eats conventionnels, dans toutes les cat\u00e9gories d&rsquo;actifs : immeubles collectifs, bureaux, commerces, industrie, h\u00f4tellerie, logements pour \u00e9tudiants, sciences de la vie et am\u00e9nagement du territoire.<\/p>\n<p>Le VA de VA Capital repr\u00e9sente notre engagement \u00e0 travailler dur dans un processus bas\u00e9 sur l&rsquo;impact de la valeur ajout\u00e9e tout au long de chaque transaction. Notre approche pratique est la cl\u00e9 de notre succ\u00e8s dans la r\u00e9alisation des ambitions de nos clients.<\/p>\n<\/div>\n        <\/div>\n      <\/div>\n    <\/div>\n  <\/div>\n<\/div>","protected":false},"excerpt":{"rendered":"","protected":false},"author":3,"featured_media":0,"parent":0,"menu_order":0,"comment_status":"closed","ping_status":"closed","template":"","meta":{"_acf_changed":false,"inline_featured_image":false,"footnotes":""},"class_list":["post-1014","page","type-page","status-publish","hentry"],"acf":[],"_links":{"self":[{"href":"https:\/\/vacapital.ca\/fr\/wp-json\/wp\/v2\/pages\/1014","targetHints":{"allow":["GET"]}}],"collection":[{"href":"https:\/\/vacapital.ca\/fr\/wp-json\/wp\/v2\/pages"}],"about":[{"href":"https:\/\/vacapital.ca\/fr\/wp-json\/wp\/v2\/types\/page"}],"author":[{"embeddable":true,"href":"https:\/\/vacapital.ca\/fr\/wp-json\/wp\/v2\/users\/3"}],"replies":[{"embeddable":true,"href":"https:\/\/vacapital.ca\/fr\/wp-json\/wp\/v2\/comments?post=1014"}],"version-history":[{"count":6,"href":"https:\/\/vacapital.ca\/fr\/wp-json\/wp\/v2\/pages\/1014\/revisions"}],"predecessor-version":[{"id":1071,"href":"https:\/\/vacapital.ca\/fr\/wp-json\/wp\/v2\/pages\/1014\/revisions\/1071"}],"wp:attachment":[{"href":"https:\/\/vacapital.ca\/fr\/wp-json\/wp\/v2\/media?parent=1014"}],"curies":[{"name":"wp","href":"https:\/\/api.w.org\/{rel}","templated":true}]}}