{"id":1012,"date":"2023-11-17T20:03:21","date_gmt":"2023-11-17T20:03:21","guid":{"rendered":"https:\/\/vacapital.ca\/servicing\/"},"modified":"2023-12-11T16:32:01","modified_gmt":"2023-12-11T16:32:01","slug":"administration-des-prets","status":"publish","type":"page","link":"https:\/\/vacapital.ca\/fr\/services\/administration-des-prets\/","title":{"rendered":"Administration des pr\u00eats"},"content":{"rendered":"\n<div class=\"hero\" style=\"background-image: url('https:\/\/vacapital.ca\/wp-content\/uploads\/2023\/03\/unsplash_0LAJfSNa-xQ-1.jpg')\">\n   <div class=\"container\">\n                  <h1 class=\"hero_title text-center text-white text-uppercase\">Administration des pr\u00eats<\/h1>\n          <\/div>\n<\/div>\n\n<div class=\"about_info_wrapper\">\n  <div class=\"about_info\">\n    <div class=\"container\">\n      <div class=\"about_info_cols\">\n        <div class=\"about_info_col\">\n          <h2 class=\"about_info_title\"><p>VA Capital offre aux investisseurs hypoth\u00e9caires des services administratifs et de gestion des pr\u00eats enti\u00e8rement bilingues, tels que\u00a0:<\/p>\n<\/h2>\n        <\/div>\n        <div class=\"about_info_col\">\n          <div class=\"about_info_content ff-sw\"><ul style=\"font-size: 18px; margin: 0; padding-left: 15px;\">\n<li style=\"margin-bottom: 15px;\">Recouvrement des paiements de pr\u00eat et remise aux investisseurs<\/li>\n<li style=\"margin-bottom: 15px;\">Administration des comptes s\u00e9questres et des comptes de r\u00e9serve pour les imp\u00f4ts fonciers, les assurances et autres<\/li>\n<li style=\"margin-bottom: 15px;\">Inspections des propri\u00e9t\u00e9s<\/li>\n<li style=\"margin-bottom: 15px;\">Administration des pr\u00eats \u00e0 la construction<\/li>\n<li>Examens annuels des pr\u00eats<\/li>\n<\/ul>\n<\/div>\n        <\/div>\n      <\/div>\n    <\/div>\n  <\/div>\n<\/div>","protected":false},"excerpt":{"rendered":"","protected":false},"author":3,"featured_media":0,"parent":1199,"menu_order":0,"comment_status":"closed","ping_status":"closed","template":"","meta":{"_acf_changed":false,"inline_featured_image":false,"footnotes":""},"class_list":["post-1012","page","type-page","status-publish","hentry"],"acf":[],"_links":{"self":[{"href":"https:\/\/vacapital.ca\/fr\/wp-json\/wp\/v2\/pages\/1012","targetHints":{"allow":["GET"]}}],"collection":[{"href":"https:\/\/vacapital.ca\/fr\/wp-json\/wp\/v2\/pages"}],"about":[{"href":"https:\/\/vacapital.ca\/fr\/wp-json\/wp\/v2\/types\/page"}],"author":[{"embeddable":true,"href":"https:\/\/vacapital.ca\/fr\/wp-json\/wp\/v2\/users\/3"}],"replies":[{"embeddable":true,"href":"https:\/\/vacapital.ca\/fr\/wp-json\/wp\/v2\/comments?post=1012"}],"version-history":[{"count":4,"href":"https:\/\/vacapital.ca\/fr\/wp-json\/wp\/v2\/pages\/1012\/revisions"}],"predecessor-version":[{"id":1095,"href":"https:\/\/vacapital.ca\/fr\/wp-json\/wp\/v2\/pages\/1012\/revisions\/1095"}],"up":[{"embeddable":true,"href":"https:\/\/vacapital.ca\/fr\/wp-json\/wp\/v2\/pages\/1199"}],"wp:attachment":[{"href":"https:\/\/vacapital.ca\/fr\/wp-json\/wp\/v2\/media?parent=1012"}],"curies":[{"name":"wp","href":"https:\/\/api.w.org\/{rel}","templated":true}]}}