{"id":1010,"date":"2023-04-13T19:10:28","date_gmt":"2023-04-13T19:10:28","guid":{"rendered":"https:\/\/vacapital.ca\/financing\/"},"modified":"2023-12-11T16:35:07","modified_gmt":"2023-12-11T16:35:07","slug":"financement","status":"publish","type":"page","link":"https:\/\/vacapital.ca\/fr\/services\/financement\/","title":{"rendered":"Financement"},"content":{"rendered":"\n<div class=\"hero\" style=\"background-image: url('https:\/\/vacapital.ca\/wp-content\/uploads\/2023\/03\/unsplash_0LAJfSNa-xQ-1.jpg')\">\n   <div class=\"container\">\n                  <h1 class=\"hero_title text-center text-white text-uppercase\">Financement<\/h1>\n          <\/div>\n<\/div>\n\n<div class=\"loan_types_wrapper\">\n  <div class=\"loan_types\">\n    <div class=\"container\">\n              <h2 class=\"loan_types_title text-center\"><p>VA Capital se sp\u00e9cialise dans les pr\u00eats conventionnels, les pr\u00eats de construction et les pr\u00eats assur\u00e9s par la SCHL dans toutes les cat\u00e9gories d&rsquo;actifs, y compris les immeubles collectifs, les bureaux, les commerces de d\u00e9tail, l&rsquo;industiel, le d\u00e9veloppement de terrains, les logements pour personnes \u00e2g\u00e9es, les logements pour \u00e9tudiants, l&rsquo;h\u00f4tellerie et b\u00e2timent des sciences de la vie.<\/p>\n<\/h2>\n      \n              <div class=\"loan_types_block\">\n                      <div class=\"loan_type\">\n              <div class=\"loan_type_before\">\n                <div class=\"loan_type_img\" style=\"background-image: url('https:\/\/vacapital.ca\/wp-content\/uploads\/2023\/12\/TERM-LOAN-3.jpg');\"><\/div>\n                <div class=\"loan_type_content\">\n                  <h4 class=\"loan_type_title\">Pr\u00eat \u00e0 terme<\/h4>\n                  <div class=\"loan_type_desc ff-sw\"><ul>\n<li>Assur\u00e9 par la SCHL<\/li>\n<li>Les banques \u00e0 charte<\/li>\n<li>CMBS<\/li>\n<li>Compagnie d&rsquo;assurance<\/li>\n<li>Alternatifs<\/li>\n<\/ul>\n<\/div>\n                <\/div>\n              <\/div>\n\n              <div class=\"loan_type_after\">\n                <h4 class=\"loan_type_title\">Pr\u00eat \u00e0 terme<\/h4>\n                <div class=\"loan_type_desc ff-sw\"><ul>\n<li>Assur\u00e9 par la SCHL<\/li>\n<li>Les banques \u00e0 charte<\/li>\n<li>CMBS<\/li>\n<li>Compagnie d&rsquo;assurance<\/li>\n<li>Alternatifs<\/li>\n<\/ul>\n<\/div>\n              <\/div>\n            <\/div>\n                      <div class=\"loan_type\">\n              <div class=\"loan_type_before\">\n                <div class=\"loan_type_img\" style=\"background-image: url('https:\/\/vacapital.ca\/wp-content\/uploads\/2023\/12\/CONSTRUCTION-LOAN-2.jpg');\"><\/div>\n                <div class=\"loan_type_content\">\n                  <h4 class=\"loan_type_title\">Pr\u00eat de construction<\/h4>\n                  <div class=\"loan_type_desc ff-sw\"><ul>\n<li>Assur\u00e9 par la SCHL<\/li>\n<li>Les banques \u00e0 charte<\/li>\n<\/ul>\n<\/div>\n                <\/div>\n              <\/div>\n\n              <div class=\"loan_type_after\">\n                <h4 class=\"loan_type_title\">Pr\u00eat de construction<\/h4>\n                <div class=\"loan_type_desc ff-sw\"><ul>\n<li>Assur\u00e9 par la SCHL<\/li>\n<li>Les banques \u00e0 charte<\/li>\n<\/ul>\n<\/div>\n              <\/div>\n            <\/div>\n                      <div class=\"loan_type\">\n              <div class=\"loan_type_before\">\n                <div class=\"loan_type_img\" style=\"background-image: url('https:\/\/vacapital.ca\/wp-content\/uploads\/2023\/12\/BRIDGE-LOAN-1.png');\"><\/div>\n                <div class=\"loan_type_content\">\n                  <h4 class=\"loan_type_title\">Pr\u00eat relais<\/h4>\n                  <div class=\"loan_type_desc ff-sw\"><ul>\n<li>Les banques \u00e0 charte<\/li>\n<li>Alternatifs<\/li>\n<\/ul>\n<\/div>\n                <\/div>\n              <\/div>\n\n              <div class=\"loan_type_after\">\n                <h4 class=\"loan_type_title\">Pr\u00eat relais<\/h4>\n                <div class=\"loan_type_desc ff-sw\"><ul>\n<li>Les banques \u00e0 charte<\/li>\n<li>Alternatifs<\/li>\n<\/ul>\n<\/div>\n              <\/div>\n            <\/div>\n                  <\/div>\n          <\/div>\n  <\/div>\n<\/div>","protected":false},"excerpt":{"rendered":"","protected":false},"author":3,"featured_media":0,"parent":1199,"menu_order":0,"comment_status":"closed","ping_status":"closed","template":"","meta":{"_acf_changed":false,"inline_featured_image":false,"footnotes":""},"class_list":["post-1010","page","type-page","status-publish","hentry"],"acf":[],"_links":{"self":[{"href":"https:\/\/vacapital.ca\/fr\/wp-json\/wp\/v2\/pages\/1010","targetHints":{"allow":["GET"]}}],"collection":[{"href":"https:\/\/vacapital.ca\/fr\/wp-json\/wp\/v2\/pages"}],"about":[{"href":"https:\/\/vacapital.ca\/fr\/wp-json\/wp\/v2\/types\/page"}],"author":[{"embeddable":true,"href":"https:\/\/vacapital.ca\/fr\/wp-json\/wp\/v2\/users\/3"}],"replies":[{"embeddable":true,"href":"https:\/\/vacapital.ca\/fr\/wp-json\/wp\/v2\/comments?post=1010"}],"version-history":[{"count":16,"href":"https:\/\/vacapital.ca\/fr\/wp-json\/wp\/v2\/pages\/1010\/revisions"}],"predecessor-version":[{"id":1094,"href":"https:\/\/vacapital.ca\/fr\/wp-json\/wp\/v2\/pages\/1010\/revisions\/1094"}],"up":[{"embeddable":true,"href":"https:\/\/vacapital.ca\/fr\/wp-json\/wp\/v2\/pages\/1199"}],"wp:attachment":[{"href":"https:\/\/vacapital.ca\/fr\/wp-json\/wp\/v2\/media?parent=1010"}],"curies":[{"name":"wp","href":"https:\/\/api.w.org\/{rel}","templated":true}]}}