{"id":1008,"date":"2023-04-06T15:43:31","date_gmt":"2023-04-06T15:43:31","guid":{"rendered":"https:\/\/vacapital.ca\/b-corp\/"},"modified":"2023-12-08T23:50:28","modified_gmt":"2023-12-08T23:50:28","slug":"b-corp","status":"publish","type":"page","link":"https:\/\/vacapital.ca\/fr\/b-corp\/","title":{"rendered":"B Corp"},"content":{"rendered":"\n<div class=\"hero\" style=\"background-image: url('https:\/\/vacapital.ca\/wp-content\/uploads\/2023\/03\/unsplash_N2zk9yXjmLA-1.jpg')\">\n   <div class=\"container\">\n                  <h1 class=\"hero_title text-center text-white text-uppercase\"><span style=\"text-transform: none !important;\">Fi\u00e8re d&rsquo;\u00eatre la premi\u00e8re soci\u00e9t\u00e9 d&rsquo;hypoth\u00e8ques commerciales certifi\u00e9e par B Corp au Canada<\/span><\/h1>\n          <\/div>\n<\/div>\n\n<div class=\"home_info_wrapper\" style=\"background-image: url('https:\/\/vacapital.ca\/wp-content\/uploads\/2023\/03\/unsplash_b5POxb2aL9o-1.png')\">\n    <div class=\"home_info\">\n        <div class=\"container\">\n            <div class=\"home_info_amount_wrapper text-center mx-auto\">\n                <div class=\"home_info_amount_col home_info_amount_col_first\">\n                                                                <h3 class=\"home_info_amount_title text-uppercase ff-sw fw-semibold mb-0\">\u00c0 VA Capital<\/h3>\n                                    <\/div> \n                <div class=\"home_info_amount_col home_info_amount_col_second\">\n                                            <div class=\"home_info_amount_description\"><p>Nous sommes fiers de faire partie de cette communaut\u00e9 mondiale d&rsquo;entreprises qui croient en l&rsquo;\u00e9quilibre entre le profit et l&rsquo;impact et qui s&rsquo;efforcent d&rsquo;utiliser l&rsquo;entreprise comme une force pour le bien.<\/p>\n<p>Notre certification B Corp t\u00e9moigne notre engagement \u00e0 prendre en compte l&rsquo;impact de nos d\u00e9cisions sur notre \u00e9quipe, nos clients, nos fournisseurs, notre communaut\u00e9 et l&rsquo;environnement, nous rendant ainsi responsables de notre impact sur la soci\u00e9t\u00e9.<\/p>\n<\/div>\n                                                                            <\/div>\n            <\/div>\n            <div class=\"home_info_benefits_wrapper\">\n                                                            <\/div>\n        <\/div>\n    <\/div>\n<\/div>\n\n\n<div class=\"b_corp_info_wrapper\">\n  <div class=\"b_corp_info\">\n    <div class=\"container\">\n      <div class=\"b_corp_info_cols\">\n        <div class=\"b_corp_info_col b_corp_info_col__content\">\n                      <div class=\"b_corp_info_content ff-sw\">\n              <p>La certification B Corp est une d\u00e9signation prestigieuse accord\u00e9e aux entreprises qui satisfont aux normes les plus \u00e9lev\u00e9es en mati\u00e8re de performances sociales et environnementales, de transparence publique et de responsabilit\u00e9 juridique. Cette certification mondialement reconnue est administr\u00e9e par l&rsquo;organisation \u00e0 but non lucratif B Lab. La certification B Corp va au-del\u00e0 de la certification au niveau du produit ou du service. Elle \u00e9value l&rsquo;impact positif global d&rsquo;une entreprise sur ses travailleurs, ses clients, la communaut\u00e9 et l&rsquo;environnement. Elle offre ainsi une vision holistique du fonctionnement d&rsquo;une entreprise et de son empreinte r\u00e9elle dans le monde.<\/p>\n<p>Pour obtenir cette certification, les entreprises doivent r\u00e9aliser l&rsquo;\u00e9valuation de l&rsquo;impact B, qui mesure l&rsquo;impact d&rsquo;une entreprise sur ses parties prenantes dans cinq domaines : Gouvernance, Travailleurs, Communaut\u00e9, Environnement et Clients. Les entreprises doivent obtenir un score minimum v\u00e9rifi\u00e9 lors de cette \u00e9valuation et modifier leurs documents juridiques afin de prendre en compte l&rsquo;impact de leurs d\u00e9cisions sur toutes les parties prenantes, et pas seulement sur les actionnaires. Une fois certifi\u00e9es, les entreprises B Corp doivent continuer \u00e0 respecter ces normes \u00e9lev\u00e9es et sont tenues de renouveler leur certification tous les trois ans. La certification B Corp est un moyen concret et significatif pour une entreprise de s&rsquo;engager \u00e0 \u00eatre une force pour le bien.<\/p>\n            <\/div>\n                                <a href=\"https:\/\/www.bcorporation.net\/\" class=\"b_corp_info_btn ff-sw\" target=\"_blank\" rel=\"noopener\">En savoir plus sur la certification<\/a>\n                  <\/div>\n                  <div class=\"b_corp_info_col b_corp_info_col__img\">\n            <img decoding=\"async\" src=\"https:\/\/vacapital.ca\/wp-content\/uploads\/2023\/09\/b-corp-logo-crop.png\" alt=\"\" class=\"b_corp_info_img\"\/>\n          <\/div>\n              <\/div>\n    <\/div>\n  <\/div>\n<\/div>","protected":false},"excerpt":{"rendered":"","protected":false},"author":3,"featured_media":0,"parent":0,"menu_order":0,"comment_status":"closed","ping_status":"closed","template":"","meta":{"_acf_changed":false,"inline_featured_image":false,"footnotes":""},"class_list":["post-1008","page","type-page","status-publish","hentry"],"acf":[],"_links":{"self":[{"href":"https:\/\/vacapital.ca\/fr\/wp-json\/wp\/v2\/pages\/1008","targetHints":{"allow":["GET"]}}],"collection":[{"href":"https:\/\/vacapital.ca\/fr\/wp-json\/wp\/v2\/pages"}],"about":[{"href":"https:\/\/vacapital.ca\/fr\/wp-json\/wp\/v2\/types\/page"}],"author":[{"embeddable":true,"href":"https:\/\/vacapital.ca\/fr\/wp-json\/wp\/v2\/users\/3"}],"replies":[{"embeddable":true,"href":"https:\/\/vacapital.ca\/fr\/wp-json\/wp\/v2\/comments?post=1008"}],"version-history":[{"count":13,"href":"https:\/\/vacapital.ca\/fr\/wp-json\/wp\/v2\/pages\/1008\/revisions"}],"predecessor-version":[{"id":1122,"href":"https:\/\/vacapital.ca\/fr\/wp-json\/wp\/v2\/pages\/1008\/revisions\/1122"}],"wp:attachment":[{"href":"https:\/\/vacapital.ca\/fr\/wp-json\/wp\/v2\/media?parent=1008"}],"curies":[{"name":"wp","href":"https:\/\/api.w.org\/{rel}","templated":true}]}}