{"id":1005,"date":"2023-03-28T09:46:54","date_gmt":"2023-03-28T09:46:54","guid":{"rendered":"https:\/\/vacapital.ca\/social-impact\/"},"modified":"2023-12-11T16:35:38","modified_gmt":"2023-12-11T16:35:38","slug":"impact-social","status":"publish","type":"page","link":"https:\/\/vacapital.ca\/fr\/impact-social\/","title":{"rendered":"Impact social"},"content":{"rendered":"\n<div class=\"hero\" style=\"background-image: url('https:\/\/vacapital.ca\/wp-content\/uploads\/2023\/03\/unsplash_N2zk9yXjmLA-1.jpg')\">\n   <div class=\"container\">\n                  <h1 class=\"hero_title text-center text-white text-uppercase\">Impact social<\/h1>\n          <\/div>\n<\/div>\n\n<div class=\"company_posts_wrapper\">\n    <div class=\"container company_posts_container\">\n                    <h2 class=\"company_posts_description\"><p style=\"text-align: center;\">Nos responsabilit\u00e9s sociales sont au premier plan de notre mod\u00e8le d&rsquo;entreprise.<\/p>\n<\/h2>\n                            <div class=\"company_posts_desc_cont ff-sw\"><p style=\"text-align: center;\">Nous pensons que chaque victoire, qu&rsquo;elle soit petite ou grande, doit \u00eatre suivie d&rsquo;un acte de bonne foi.<\/p>\n<p style=\"text-align: center;\">Notre objectif est de soutenir des organisations proches des personnes avec lesquelles nous travaillons quotidiennement.<\/p>\n<h3 class=\"company_posts_description\" style=\"text-align: center;\">Les campagnes lanc\u00e9es par VA Capital comprennent:<\/h3>\n<h4 style=\"text-align: center;\">UN DON PAR FINANCEMENT<\/h4>\n<p style=\"text-align: center;\">Pour chaque pr\u00eat financ\u00e9, VA Capital fait un don \u00e0 une organisation choisie par l&#8217;emprunteur ou le pr\u00eateur.<\/p>\n<h4 style=\"text-align: center;\">BOURSE D&rsquo;\u00c9TUDES POUR LES FEMMES DANS L&rsquo;IMMOBILIER<\/h4>\n<p style=\"text-align: center;\">VA Capital soutient l&rsquo;avancement des \u00e9tudiantes dans le secteur de l&rsquo;immobilier par le biais de bourses d&rsquo;\u00e9tudes.<\/p>\n<h4 style=\"text-align: center;\">SKATE FOR KIDS<\/h4>\n<p style=\"text-align: center;\">Avec la collaboration de partenaires, VA Capital continue de r\u00e9aliser les r\u00eaves de nombreux enfants qui souhaitent assister \u00e0 leur premi\u00e8re partie de hockey.<\/p>\n<\/div>\n            <\/div>\n<\/div>\n<div class=\"company_posts_wrapper company_posts_logos\">\n    <div class=\"container company_posts_container\">\n                    <h3 class=\"company_posts_title text-center ff-sw text-uppercase fw-semibold\">Enrichir les organisations de notre communaut\u00e9 gr\u00e2ce \u00e0 notre croissance<\/h3>\n                <div class=\"company_posts\">\n            \n                    <div class=\"company_posts_item text-center\">\n                    <!-- <div class=\"company_posts_item text-center \"> -->\n                                                    <a class=\"d-block text-center\" href=\"https:\/\/www.fimj.org\/\" target=\"_blank\" rel=\"noopener\">\n                                <img loading=\"lazy\" decoding=\"async\" width=\"456\" height=\"222\" src=\"https:\/\/vacapital.ca\/wp-content\/uploads\/2023\/09\/fimj-logo.png\" class=\"attachment-full size-full\" alt=\"\" srcset=\"https:\/\/vacapital.ca\/wp-content\/uploads\/2023\/09\/fimj-logo.png 456w, https:\/\/vacapital.ca\/wp-content\/uploads\/2023\/09\/fimj-logo-300x146.png 300w, https:\/\/vacapital.ca\/wp-content\/uploads\/2023\/09\/fimj-logo-228x111.png 228w\" sizes=\"auto, (max-width: 456px) 100vw, 456px\" \/>                            <\/a>\n                                            <\/div>\n\n                    \n                    <div class=\"company_posts_item text-center\">\n                    <!-- <div class=\"company_posts_item text-center \"> -->\n                                                    <a class=\"d-block text-center\" href=\"https:\/\/centennial.qc.ca\/\" target=\"_blank\" rel=\"noopener\">\n                                <img loading=\"lazy\" decoding=\"async\" width=\"456\" height=\"222\" src=\"https:\/\/vacapital.ca\/wp-content\/uploads\/2023\/09\/centennial-academy-logo.png\" class=\"attachment-full size-full\" alt=\"\" srcset=\"https:\/\/vacapital.ca\/wp-content\/uploads\/2023\/09\/centennial-academy-logo.png 456w, https:\/\/vacapital.ca\/wp-content\/uploads\/2023\/09\/centennial-academy-logo-300x146.png 300w, https:\/\/vacapital.ca\/wp-content\/uploads\/2023\/09\/centennial-academy-logo-228x111.png 228w\" sizes=\"auto, (max-width: 456px) 100vw, 456px\" \/>                            <\/a>\n                                            <\/div>\n\n                    \n                    <div class=\"company_posts_item text-center\">\n                    <!-- <div class=\"company_posts_item text-center \"> -->\n                                                    <a class=\"d-block text-center\" href=\"https:\/\/laguilde.com\/\" target=\"_blank\" rel=\"noopener\">\n                                <img loading=\"lazy\" decoding=\"async\" width=\"456\" height=\"222\" src=\"https:\/\/vacapital.ca\/wp-content\/uploads\/2023\/09\/laguilde-logo.png\" class=\"attachment-full size-full\" alt=\"\" srcset=\"https:\/\/vacapital.ca\/wp-content\/uploads\/2023\/09\/laguilde-logo.png 456w, https:\/\/vacapital.ca\/wp-content\/uploads\/2023\/09\/laguilde-logo-300x146.png 300w, https:\/\/vacapital.ca\/wp-content\/uploads\/2023\/09\/laguilde-logo-228x111.png 228w\" sizes=\"auto, (max-width: 456px) 100vw, 456px\" \/>                            <\/a>\n                                            <\/div>\n\n                    \n                    <div class=\"company_posts_item text-center\">\n                    <!-- <div class=\"company_posts_item text-center \"> -->\n                                                    <a class=\"d-block text-center\" href=\"https:\/\/metacentre.ca\/\" target=\"_blank\" rel=\"noopener\">\n                                <img loading=\"lazy\" decoding=\"async\" width=\"456\" height=\"222\" src=\"https:\/\/vacapital.ca\/wp-content\/uploads\/2023\/09\/meta-centre-logo.png\" class=\"attachment-full size-full\" alt=\"\" srcset=\"https:\/\/vacapital.ca\/wp-content\/uploads\/2023\/09\/meta-centre-logo.png 456w, https:\/\/vacapital.ca\/wp-content\/uploads\/2023\/09\/meta-centre-logo-300x146.png 300w, https:\/\/vacapital.ca\/wp-content\/uploads\/2023\/09\/meta-centre-logo-228x111.png 228w\" sizes=\"auto, (max-width: 456px) 100vw, 456px\" \/>                            <\/a>\n                                            <\/div>\n\n                    \n                    <div class=\"company_posts_item text-center\">\n                    <!-- <div class=\"company_posts_item text-center \"> -->\n                                                    <a class=\"d-block text-center\" href=\"https:\/\/www.jfkfoundation.ca\/en\/impact-2\/about\/\" target=\"_blank\" rel=\"noopener\">\n                                <img loading=\"lazy\" decoding=\"async\" width=\"456\" height=\"222\" src=\"https:\/\/vacapital.ca\/wp-content\/uploads\/2023\/09\/jfkfoundation-logo.png\" class=\"attachment-full size-full\" alt=\"\" srcset=\"https:\/\/vacapital.ca\/wp-content\/uploads\/2023\/09\/jfkfoundation-logo.png 456w, https:\/\/vacapital.ca\/wp-content\/uploads\/2023\/09\/jfkfoundation-logo-300x146.png 300w, https:\/\/vacapital.ca\/wp-content\/uploads\/2023\/09\/jfkfoundation-logo-228x111.png 228w\" sizes=\"auto, (max-width: 456px) 100vw, 456px\" \/>                            <\/a>\n                                            <\/div>\n\n                    \n                    <div class=\"company_posts_item text-center\">\n                    <!-- <div class=\"company_posts_item text-center \"> -->\n                                                    <a class=\"d-block text-center\" href=\"https:\/\/www.chusj.org\/Home\" target=\"_blank\" rel=\"noopener\">\n                                <img loading=\"lazy\" decoding=\"async\" width=\"456\" height=\"222\" src=\"https:\/\/vacapital.ca\/wp-content\/uploads\/2023\/09\/CHU-SAINTE-JUSTINE-logo.png\" class=\"attachment-full size-full\" alt=\"\" srcset=\"https:\/\/vacapital.ca\/wp-content\/uploads\/2023\/09\/CHU-SAINTE-JUSTINE-logo.png 456w, https:\/\/vacapital.ca\/wp-content\/uploads\/2023\/09\/CHU-SAINTE-JUSTINE-logo-300x146.png 300w, https:\/\/vacapital.ca\/wp-content\/uploads\/2023\/09\/CHU-SAINTE-JUSTINE-logo-228x111.png 228w\" sizes=\"auto, (max-width: 456px) 100vw, 456px\" \/>                            <\/a>\n                                            <\/div>\n\n                    \n                    <div class=\"company_posts_item text-center\">\n                    <!-- <div class=\"company_posts_item text-center \"> -->\n                                                    <a class=\"d-block text-center\" href=\"https:\/\/www.heartandstroke.ca\/\" target=\"_blank\" rel=\"noopener\">\n                                <img loading=\"lazy\" decoding=\"async\" width=\"456\" height=\"222\" src=\"https:\/\/vacapital.ca\/wp-content\/uploads\/2023\/09\/heart-stroke-foundation-logo.png\" class=\"attachment-full size-full\" alt=\"\" srcset=\"https:\/\/vacapital.ca\/wp-content\/uploads\/2023\/09\/heart-stroke-foundation-logo.png 456w, https:\/\/vacapital.ca\/wp-content\/uploads\/2023\/09\/heart-stroke-foundation-logo-300x146.png 300w, https:\/\/vacapital.ca\/wp-content\/uploads\/2023\/09\/heart-stroke-foundation-logo-228x111.png 228w\" sizes=\"auto, (max-width: 456px) 100vw, 456px\" \/>                            <\/a>\n                                            <\/div>\n\n                    \n                    <div class=\"company_posts_item text-center\">\n                    <!-- <div class=\"company_posts_item text-center d-none\"> -->\n                                                    <a class=\"d-block text-center\" href=\"https:\/\/stmaryshospitalfoundation.ca\/\" target=\"_blank\" rel=\"noopener\">\n                                <img loading=\"lazy\" decoding=\"async\" width=\"456\" height=\"222\" src=\"https:\/\/vacapital.ca\/wp-content\/uploads\/2023\/09\/SMHF-logo.png\" class=\"attachment-full size-full\" alt=\"\" srcset=\"https:\/\/vacapital.ca\/wp-content\/uploads\/2023\/09\/SMHF-logo.png 456w, https:\/\/vacapital.ca\/wp-content\/uploads\/2023\/09\/SMHF-logo-300x146.png 300w, https:\/\/vacapital.ca\/wp-content\/uploads\/2023\/09\/SMHF-logo-228x111.png 228w\" sizes=\"auto, (max-width: 456px) 100vw, 456px\" \/>                            <\/a>\n                                            <\/div>\n\n                    \n                    <div class=\"company_posts_item text-center\">\n                    <!-- <div class=\"company_posts_item text-center d-none\"> -->\n                                                    <a class=\"d-block text-center\" href=\"https:\/\/www.akfc.ca\/\" target=\"_blank\" rel=\"noopener\">\n                                <img loading=\"lazy\" decoding=\"async\" width=\"456\" height=\"222\" src=\"https:\/\/vacapital.ca\/wp-content\/uploads\/2023\/09\/aga-khan-logo.png\" class=\"attachment-full size-full\" alt=\"\" srcset=\"https:\/\/vacapital.ca\/wp-content\/uploads\/2023\/09\/aga-khan-logo.png 456w, https:\/\/vacapital.ca\/wp-content\/uploads\/2023\/09\/aga-khan-logo-300x146.png 300w, https:\/\/vacapital.ca\/wp-content\/uploads\/2023\/09\/aga-khan-logo-228x111.png 228w\" sizes=\"auto, (max-width: 456px) 100vw, 456px\" \/>                            <\/a>\n                                            <\/div>\n\n                    \n                    <div class=\"company_posts_item text-center\">\n                    <!-- <div class=\"company_posts_item text-center d-none\"> -->\n                                                    <a class=\"d-block text-center\" href=\"https:\/\/www.colorectalcancercanada.com\/\" target=\"_blank\" rel=\"noopener\">\n                                <img loading=\"lazy\" decoding=\"async\" width=\"456\" height=\"222\" src=\"https:\/\/vacapital.ca\/wp-content\/uploads\/2023\/09\/ccc-logo.png\" class=\"attachment-full size-full\" alt=\"\" srcset=\"https:\/\/vacapital.ca\/wp-content\/uploads\/2023\/09\/ccc-logo.png 456w, https:\/\/vacapital.ca\/wp-content\/uploads\/2023\/09\/ccc-logo-300x146.png 300w, https:\/\/vacapital.ca\/wp-content\/uploads\/2023\/09\/ccc-logo-228x111.png 228w\" sizes=\"auto, (max-width: 456px) 100vw, 456px\" \/>                            <\/a>\n                                            <\/div>\n\n                    \n                    <div class=\"company_posts_item text-center\">\n                    <!-- <div class=\"company_posts_item text-center d-none\"> -->\n                                                    <a class=\"d-block text-center\" href=\"http:\/\/www.fondationdessourds.net\/\" target=\"_blank\" rel=\"noopener\">\n                                <img loading=\"lazy\" decoding=\"async\" width=\"456\" height=\"222\" src=\"https:\/\/vacapital.ca\/wp-content\/uploads\/2023\/09\/FSQ-logo.png\" class=\"attachment-full size-full\" alt=\"\" srcset=\"https:\/\/vacapital.ca\/wp-content\/uploads\/2023\/09\/FSQ-logo.png 456w, https:\/\/vacapital.ca\/wp-content\/uploads\/2023\/09\/FSQ-logo-300x146.png 300w, https:\/\/vacapital.ca\/wp-content\/uploads\/2023\/09\/FSQ-logo-228x111.png 228w\" sizes=\"auto, (max-width: 456px) 100vw, 456px\" \/>                            <\/a>\n                                            <\/div>\n\n                    \n                    <div class=\"company_posts_item text-center\">\n                    <!-- <div class=\"company_posts_item text-center d-none\"> -->\n                                                    <a class=\"d-block text-center\" href=\"https:\/\/www.fondationjeunesdpj.ca\/\" target=\"_blank\" rel=\"noopener\">\n                                <img loading=\"lazy\" decoding=\"async\" width=\"456\" height=\"222\" src=\"https:\/\/vacapital.ca\/wp-content\/uploads\/2023\/09\/fondation-des-jeunes-logo.png\" class=\"attachment-full size-full\" alt=\"\" srcset=\"https:\/\/vacapital.ca\/wp-content\/uploads\/2023\/09\/fondation-des-jeunes-logo.png 456w, https:\/\/vacapital.ca\/wp-content\/uploads\/2023\/09\/fondation-des-jeunes-logo-300x146.png 300w, https:\/\/vacapital.ca\/wp-content\/uploads\/2023\/09\/fondation-des-jeunes-logo-228x111.png 228w\" sizes=\"auto, (max-width: 456px) 100vw, 456px\" \/>                            <\/a>\n                                            <\/div>\n\n                    \n                    <div class=\"company_posts_item text-center\">\n                    <!-- <div class=\"company_posts_item text-center d-none\"> -->\n                                                    <a class=\"d-block text-center\" href=\"https:\/\/www.lungcancercanada.ca\/en-CA\/\" target=\"_blank\" rel=\"noopener\">\n                                <img loading=\"lazy\" decoding=\"async\" width=\"456\" height=\"222\" src=\"https:\/\/vacapital.ca\/wp-content\/uploads\/2023\/09\/lung-cancer-canada-logo.png\" class=\"attachment-full size-full\" alt=\"\" srcset=\"https:\/\/vacapital.ca\/wp-content\/uploads\/2023\/09\/lung-cancer-canada-logo.png 456w, https:\/\/vacapital.ca\/wp-content\/uploads\/2023\/09\/lung-cancer-canada-logo-300x146.png 300w, https:\/\/vacapital.ca\/wp-content\/uploads\/2023\/09\/lung-cancer-canada-logo-228x111.png 228w\" sizes=\"auto, (max-width: 456px) 100vw, 456px\" \/>                            <\/a>\n                                            <\/div>\n\n                    \n                    <div class=\"company_posts_item text-center\">\n                    <!-- <div class=\"company_posts_item text-center d-none\"> -->\n                                                    <a class=\"d-block text-center\" href=\"https:\/\/asamm.ca\/\" target=\"_blank\" rel=\"noopener\">\n                                <img loading=\"lazy\" decoding=\"async\" width=\"456\" height=\"222\" src=\"https:\/\/vacapital.ca\/wp-content\/uploads\/2023\/09\/ASAMM-logo.png\" class=\"attachment-full size-full\" alt=\"\" srcset=\"https:\/\/vacapital.ca\/wp-content\/uploads\/2023\/09\/ASAMM-logo.png 456w, https:\/\/vacapital.ca\/wp-content\/uploads\/2023\/09\/ASAMM-logo-300x146.png 300w, https:\/\/vacapital.ca\/wp-content\/uploads\/2023\/09\/ASAMM-logo-228x111.png 228w\" sizes=\"auto, (max-width: 456px) 100vw, 456px\" \/>                            <\/a>\n                                            <\/div>\n\n                    \n                    <div class=\"company_posts_item text-center\">\n                    <!-- <div class=\"company_posts_item text-center d-none\"> -->\n                                                    <a class=\"d-block text-center\" href=\"https:\/\/www.globalgiving.org\/projects\/turkey-earthquake-relief-fund\/\" target=\"_blank\" rel=\"noopener\">\n                                <img loading=\"lazy\" decoding=\"async\" width=\"456\" height=\"222\" src=\"https:\/\/vacapital.ca\/wp-content\/uploads\/2023\/09\/globalgiving-logo.png\" class=\"attachment-full size-full\" alt=\"\" srcset=\"https:\/\/vacapital.ca\/wp-content\/uploads\/2023\/09\/globalgiving-logo.png 456w, https:\/\/vacapital.ca\/wp-content\/uploads\/2023\/09\/globalgiving-logo-300x146.png 300w, https:\/\/vacapital.ca\/wp-content\/uploads\/2023\/09\/globalgiving-logo-228x111.png 228w\" sizes=\"auto, (max-width: 456px) 100vw, 456px\" \/>                            <\/a>\n                                            <\/div>\n\n                    \n                    <div class=\"company_posts_item text-center\">\n                    <!-- <div class=\"company_posts_item text-center d-none\"> -->\n                                                    <a class=\"d-block text-center\" href=\"https:\/\/www.lesac-valleyfield.org\/\" target=\"_blank\" rel=\"noopener\">\n                                <img loading=\"lazy\" decoding=\"async\" width=\"458\" height=\"222\" src=\"https:\/\/vacapital.ca\/wp-content\/uploads\/2023\/09\/leSAC-logo.png\" class=\"attachment-full size-full\" alt=\"\" srcset=\"https:\/\/vacapital.ca\/wp-content\/uploads\/2023\/09\/leSAC-logo.png 458w, https:\/\/vacapital.ca\/wp-content\/uploads\/2023\/09\/leSAC-logo-300x145.png 300w, https:\/\/vacapital.ca\/wp-content\/uploads\/2023\/09\/leSAC-logo-228x111.png 228w\" sizes=\"auto, (max-width: 458px) 100vw, 458px\" \/>                            <\/a>\n                                            <\/div>\n\n                    \n                    <div class=\"company_posts_item text-center\">\n                    <!-- <div class=\"company_posts_item text-center d-none\"> -->\n                                                    <a class=\"d-block text-center\" href=\"https:\/\/unispourlespetits.ca\/\" target=\"_blank\" rel=\"noopener\">\n                                <img loading=\"lazy\" decoding=\"async\" width=\"456\" height=\"222\" src=\"https:\/\/vacapital.ca\/wp-content\/uploads\/2023\/09\/unis-pour-les-petits-logo.png\" class=\"attachment-full size-full\" alt=\"\" srcset=\"https:\/\/vacapital.ca\/wp-content\/uploads\/2023\/09\/unis-pour-les-petits-logo.png 456w, https:\/\/vacapital.ca\/wp-content\/uploads\/2023\/09\/unis-pour-les-petits-logo-300x146.png 300w, https:\/\/vacapital.ca\/wp-content\/uploads\/2023\/09\/unis-pour-les-petits-logo-228x111.png 228w\" sizes=\"auto, (max-width: 456px) 100vw, 456px\" \/>                            <\/a>\n                                            <\/div>\n\n                    \n                    <div class=\"company_posts_item text-center\">\n                    <!-- <div class=\"company_posts_item text-center d-none\"> -->\n                                                    <img loading=\"lazy\" decoding=\"async\" width=\"456\" height=\"222\" src=\"https:\/\/vacapital.ca\/wp-content\/uploads\/2023\/09\/kehillah-synagogue-logo.png\" class=\"attachment-full size-full\" alt=\"\" srcset=\"https:\/\/vacapital.ca\/wp-content\/uploads\/2023\/09\/kehillah-synagogue-logo.png 456w, https:\/\/vacapital.ca\/wp-content\/uploads\/2023\/09\/kehillah-synagogue-logo-300x146.png 300w, https:\/\/vacapital.ca\/wp-content\/uploads\/2023\/09\/kehillah-synagogue-logo-228x111.png 228w\" sizes=\"auto, (max-width: 456px) 100vw, 456px\" \/>                                            <\/div>\n\n                    \n                    <div class=\"company_posts_item text-center\">\n                    <!-- <div class=\"company_posts_item text-center d-none\"> -->\n                                                    <a class=\"d-block text-center\" href=\"https:\/\/makeawish.ca\/\" target=\"_blank\" rel=\"noopener\">\n                                <img loading=\"lazy\" decoding=\"async\" width=\"456\" height=\"222\" src=\"https:\/\/vacapital.ca\/wp-content\/uploads\/2023\/09\/make-a-wish-ca-logo.png\" class=\"attachment-full size-full\" alt=\"\" srcset=\"https:\/\/vacapital.ca\/wp-content\/uploads\/2023\/09\/make-a-wish-ca-logo.png 456w, https:\/\/vacapital.ca\/wp-content\/uploads\/2023\/09\/make-a-wish-ca-logo-300x146.png 300w, https:\/\/vacapital.ca\/wp-content\/uploads\/2023\/09\/make-a-wish-ca-logo-228x111.png 228w\" sizes=\"auto, (max-width: 456px) 100vw, 456px\" \/>                            <\/a>\n                                            <\/div>\n\n                    \n                    <div class=\"company_posts_item text-center\">\n                    <!-- <div class=\"company_posts_item text-center d-none\"> -->\n                                                    <a class=\"d-block text-center\" href=\"https:\/\/fondationduchildren.com\/\" target=\"_blank\" rel=\"noopener\">\n                                <img loading=\"lazy\" decoding=\"async\" width=\"456\" height=\"222\" src=\"https:\/\/vacapital.ca\/wp-content\/uploads\/2023\/09\/fondationduchildren-logo.png\" class=\"attachment-full size-full\" alt=\"\" srcset=\"https:\/\/vacapital.ca\/wp-content\/uploads\/2023\/09\/fondationduchildren-logo.png 456w, https:\/\/vacapital.ca\/wp-content\/uploads\/2023\/09\/fondationduchildren-logo-300x146.png 300w, https:\/\/vacapital.ca\/wp-content\/uploads\/2023\/09\/fondationduchildren-logo-228x111.png 228w\" sizes=\"auto, (max-width: 456px) 100vw, 456px\" \/>                            <\/a>\n                                            <\/div>\n\n                    \n                    <div class=\"company_posts_item text-center\">\n                    <!-- <div class=\"company_posts_item text-center d-none\"> -->\n                                                    <a class=\"d-block text-center\" href=\"https:\/\/israelguidedog.ca\/\" target=\"_blank\" rel=\"noopener\">\n                                <img loading=\"lazy\" decoding=\"async\" width=\"456\" height=\"222\" src=\"https:\/\/vacapital.ca\/wp-content\/uploads\/2023\/09\/israel-guidedog-centre-logo.png\" class=\"attachment-full size-full\" alt=\"\" srcset=\"https:\/\/vacapital.ca\/wp-content\/uploads\/2023\/09\/israel-guidedog-centre-logo.png 456w, https:\/\/vacapital.ca\/wp-content\/uploads\/2023\/09\/israel-guidedog-centre-logo-300x146.png 300w, https:\/\/vacapital.ca\/wp-content\/uploads\/2023\/09\/israel-guidedog-centre-logo-228x111.png 228w\" sizes=\"auto, (max-width: 456px) 100vw, 456px\" \/>                            <\/a>\n                                            <\/div>\n\n                    \n                    <div class=\"company_posts_item text-center\">\n                    <!-- <div class=\"company_posts_item text-center d-none\"> -->\n                                                    <a class=\"d-block text-center\" href=\"https:\/\/www.focus-canada.org\/home\/\" target=\"_blank\" rel=\"noopener\">\n                                <img loading=\"lazy\" decoding=\"async\" width=\"456\" height=\"222\" src=\"https:\/\/vacapital.ca\/wp-content\/uploads\/2023\/09\/FHA-logo.png\" class=\"attachment-full size-full\" alt=\"\" srcset=\"https:\/\/vacapital.ca\/wp-content\/uploads\/2023\/09\/FHA-logo.png 456w, https:\/\/vacapital.ca\/wp-content\/uploads\/2023\/09\/FHA-logo-300x146.png 300w, https:\/\/vacapital.ca\/wp-content\/uploads\/2023\/09\/FHA-logo-228x111.png 228w\" sizes=\"auto, (max-width: 456px) 100vw, 456px\" \/>                            <\/a>\n                                            <\/div>\n\n                    \n                    <div class=\"company_posts_item text-center\">\n                    <!-- <div class=\"company_posts_item text-center d-none\"> -->\n                                                    <a class=\"d-block text-center\" href=\"https:\/\/rubanrose.org\/en\/\" target=\"_blank\" rel=\"noopener\">\n                                <img loading=\"lazy\" decoding=\"async\" width=\"456\" height=\"222\" src=\"https:\/\/vacapital.ca\/wp-content\/uploads\/2023\/09\/QBCF-logo.png\" class=\"attachment-full size-full\" alt=\"\" srcset=\"https:\/\/vacapital.ca\/wp-content\/uploads\/2023\/09\/QBCF-logo.png 456w, https:\/\/vacapital.ca\/wp-content\/uploads\/2023\/09\/QBCF-logo-300x146.png 300w, https:\/\/vacapital.ca\/wp-content\/uploads\/2023\/09\/QBCF-logo-228x111.png 228w\" sizes=\"auto, (max-width: 456px) 100vw, 456px\" \/>                            <\/a>\n                                            <\/div>\n\n                    \n                <!-- <div class=\"company_posts_item text-center load-more-btn\">\n                    Voir plus                <\/div> -->\n\n\t\t\t\t        <\/div>\n    <\/div>\n<\/div>\n","protected":false},"excerpt":{"rendered":"","protected":false},"author":3,"featured_media":0,"parent":0,"menu_order":0,"comment_status":"closed","ping_status":"closed","template":"","meta":{"_acf_changed":false,"inline_featured_image":false,"footnotes":""},"class_list":["post-1005","page","type-page","status-publish","hentry"],"acf":[],"_links":{"self":[{"href":"https:\/\/vacapital.ca\/fr\/wp-json\/wp\/v2\/pages\/1005","targetHints":{"allow":["GET"]}}],"collection":[{"href":"https:\/\/vacapital.ca\/fr\/wp-json\/wp\/v2\/pages"}],"about":[{"href":"https:\/\/vacapital.ca\/fr\/wp-json\/wp\/v2\/types\/page"}],"author":[{"embeddable":true,"href":"https:\/\/vacapital.ca\/fr\/wp-json\/wp\/v2\/users\/3"}],"replies":[{"embeddable":true,"href":"https:\/\/vacapital.ca\/fr\/wp-json\/wp\/v2\/comments?post=1005"}],"version-history":[{"count":19,"href":"https:\/\/vacapital.ca\/fr\/wp-json\/wp\/v2\/pages\/1005\/revisions"}],"predecessor-version":[{"id":1188,"href":"https:\/\/vacapital.ca\/fr\/wp-json\/wp\/v2\/pages\/1005\/revisions\/1188"}],"wp:attachment":[{"href":"https:\/\/vacapital.ca\/fr\/wp-json\/wp\/v2\/media?parent=1005"}],"curies":[{"name":"wp","href":"https:\/\/api.w.org\/{rel}","templated":true}]}}